{"id":1629,"date":"2017-02-15T13:21:51","date_gmt":"2017-02-15T13:21:51","guid":{"rendered":"http:\/\/teachingawards.ca\/2005-personnes-honorees\/"},"modified":"2017-03-29T10:49:51","modified_gmt":"2017-03-29T10:49:51","slug":"2005-personnes-honorees","status":"publish","type":"page","link":"https:\/\/teachingawards.ca\/fr\/2005-personnes-honorees\/","title":{"rendered":"2005 Personnes honor\u00e9es"},"content":{"rendered":"<p>[et_pb_section admin_label=\u00a0\u00bbSection\u00a0\u00bb fullwidth=\u00a0\u00bbon\u00a0\u00bb specialty=\u00a0\u00bboff\u00a0\u00bb transparent_background=\u00a0\u00bboff\u00a0\u00bb background_color=\u00a0\u00bb#ffffff\u00a0\u00bb allow_player_pause=\u00a0\u00bboff\u00a0\u00bb inner_shadow=\u00a0\u00bboff\u00a0\u00bb parallax=\u00a0\u00bboff\u00a0\u00bb parallax_method=\u00a0\u00bboff\u00a0\u00bb custom_padding=\u00a0\u00bb||0px|\u00a0\u00bb padding_mobile=\u00a0\u00bbon\u00a0\u00bb make_fullwidth=\u00a0\u00bboff\u00a0\u00bb use_custom_width=\u00a0\u00bboff\u00a0\u00bb width_unit=\u00a0\u00bbon\u00a0\u00bb make_equal=\u00a0\u00bboff\u00a0\u00bb use_custom_gutter=\u00a0\u00bboff\u00a0\u00bb disabled=\u00a0\u00bboff\u00a0\u00bb disabled_on=\u00a0\u00bbon||\u00a0\u00bb custom_padding_phone=\u00a0\u00bb0px||0px|\u00a0\u00bb custom_padding_last_edited=\u00a0\u00bbon|phone\u00a0\u00bb][et_pb_fullwidth_header admin_label=\u00a0\u00bbFullwidth Header\u00a0\u00bb title=\u00a0\u00bb2005 Personnes honor\u00e9es\u00a0\u00bb background_layout=\u00a0\u00bbdark\u00a0\u00bb text_orientation=\u00a0\u00bbleft\u00a0\u00bb header_fullscreen=\u00a0\u00bboff\u00a0\u00bb header_scroll_down=\u00a0\u00bboff\u00a0\u00bb background_url=\u00a0\u00bbhttp:\/\/teachingawards.ca\/wp-content\/uploads\/2017\/01\/Nominating-page-banner.jpg\u00a0\u00bb parallax=\u00a0\u00bboff\u00a0\u00bb parallax_method=\u00a0\u00bboff\u00a0\u00bb content_orientation=\u00a0\u00bbcenter\u00a0\u00bb image_orientation=\u00a0\u00bbcenter\u00a0\u00bb custom_button_one=\u00a0\u00bboff\u00a0\u00bb button_one_border_width=\u00a0\u00bb0&Prime; button_one_letter_spacing=\u00a0\u00bb0&Prime; button_one_use_icon=\u00a0\u00bbdefault\u00a0\u00bb button_one_icon_placement=\u00a0\u00bbright\u00a0\u00bb button_one_on_hover=\u00a0\u00bbon\u00a0\u00bb button_one_letter_spacing_hover=\u00a0\u00bb0&Prime; custom_button_two=\u00a0\u00bboff\u00a0\u00bb button_two_border_width=\u00a0\u00bb0&Prime; button_two_letter_spacing=\u00a0\u00bb0&Prime; button_two_use_icon=\u00a0\u00bbdefault\u00a0\u00bb button_two_icon_placement=\u00a0\u00bbright\u00a0\u00bb button_two_on_hover=\u00a0\u00bbon\u00a0\u00bb button_two_letter_spacing_hover=\u00a0\u00bb0&Prime; custom_css_main_element=\u00a0\u00bbheight: 200px\u00a0\u00bb custom_css_title=\u00a0\u00bbmargin-top: 80px\u00a0\u00bb module_class=\u00a0\u00bbtext_shadow_here\u00a0\u00bb button_one_border_radius=\u00a0\u00bb0&Prime; button_two_border_radius=\u00a0\u00bb0&Prime;] [\/et_pb_fullwidth_header][\/et_pb_section][et_pb_section admin_label=\u00a0\u00bbSection\u00a0\u00bb global_module=\u00a0\u00bb1998&Prime; fullwidth=\u00a0\u00bbon\u00a0\u00bb specialty=\u00a0\u00bboff\u00a0\u00bb transparent_background=\u00a0\u00bboff\u00a0\u00bb background_color=\u00a0\u00bb#ffffff\u00a0\u00bb allow_player_pause=\u00a0\u00bboff\u00a0\u00bb inner_shadow=\u00a0\u00bboff\u00a0\u00bb parallax=\u00a0\u00bboff\u00a0\u00bb parallax_method=\u00a0\u00bboff\u00a0\u00bb custom_padding=\u00a0\u00bb||0px|\u00a0\u00bb padding_mobile=\u00a0\u00bboff\u00a0\u00bb make_fullwidth=\u00a0\u00bboff\u00a0\u00bb use_custom_width=\u00a0\u00bboff\u00a0\u00bb width_unit=\u00a0\u00bbon\u00a0\u00bb make_equal=\u00a0\u00bboff\u00a0\u00bb use_custom_gutter=\u00a0\u00bboff\u00a0\u00bb disabled=\u00a0\u00bboff\u00a0\u00bb disabled_on=\u00a0\u00bb|on|on\u00a0\u00bb][et_pb_fullwidth_header global_parent=\u00a0\u00bb1998&Prime; admin_label=\u00a0\u00bbFullwidth Header\u00a0\u00bb background_layout=\u00a0\u00bbdark\u00a0\u00bb text_orientation=\u00a0\u00bbleft\u00a0\u00bb header_fullscreen=\u00a0\u00bboff\u00a0\u00bb header_scroll_down=\u00a0\u00bboff\u00a0\u00bb background_url=\u00a0\u00bbhttp:\/\/teachingawards.ca\/wp-content\/uploads\/2017\/01\/Nominating-page-banner.jpg\u00a0\u00bb parallax=\u00a0\u00bboff\u00a0\u00bb parallax_method=\u00a0\u00bboff\u00a0\u00bb content_orientation=\u00a0\u00bbcenter\u00a0\u00bb image_orientation=\u00a0\u00bbcenter\u00a0\u00bb custom_button_one=\u00a0\u00bboff\u00a0\u00bb button_one_border_width=\u00a0\u00bb0&Prime; button_one_letter_spacing=\u00a0\u00bb0&Prime; button_one_use_icon=\u00a0\u00bbdefault\u00a0\u00bb button_one_icon_placement=\u00a0\u00bbright\u00a0\u00bb button_one_on_hover=\u00a0\u00bbon\u00a0\u00bb button_one_letter_spacing_hover=\u00a0\u00bb0&Prime; custom_button_two=\u00a0\u00bboff\u00a0\u00bb button_two_border_width=\u00a0\u00bb0&Prime; button_two_letter_spacing=\u00a0\u00bb0&Prime; button_two_use_icon=\u00a0\u00bbdefault\u00a0\u00bb button_two_icon_placement=\u00a0\u00bbright\u00a0\u00bb button_two_on_hover=\u00a0\u00bbon\u00a0\u00bb button_two_letter_spacing_hover=\u00a0\u00bb0&Prime; custom_css_main_element=\u00a0\u00bbheight: 200px\u00a0\u00bb custom_css_title=\u00a0\u00bbmargin-top: 80px\u00a0\u00bb module_class=\u00a0\u00bbtext_shadow_here\u00a0\u00bb button_one_border_radius=\u00a0\u00bb0&Prime; button_two_border_radius=\u00a0\u00bb0&Prime;] [\/et_pb_fullwidth_header][\/et_pb_section][et_pb_section admin_label=\u00a0\u00bbSection\u00a0\u00bb fullwidth=\u00a0\u00bboff\u00a0\u00bb specialty=\u00a0\u00bboff\u00a0\u00bb transparent_background=\u00a0\u00bboff\u00a0\u00bb background_color=\u00a0\u00bb#ffffff\u00a0\u00bb allow_player_pause=\u00a0\u00bboff\u00a0\u00bb inner_shadow=\u00a0\u00bboff\u00a0\u00bb parallax=\u00a0\u00bboff\u00a0\u00bb parallax_method=\u00a0\u00bboff\u00a0\u00bb padding_mobile=\u00a0\u00bbon\u00a0\u00bb make_fullwidth=\u00a0\u00bboff\u00a0\u00bb use_custom_width=\u00a0\u00bboff\u00a0\u00bb width_unit=\u00a0\u00bbon\u00a0\u00bb make_equal=\u00a0\u00bboff\u00a0\u00bb use_custom_gutter=\u00a0\u00bboff\u00a0\u00bb custom_padding_phone=\u00a0\u00bb0px||30px|\u00a0\u00bb custom_padding_last_edited=\u00a0\u00bbon|desktop\u00a0\u00bb][et_pb_row admin_label=\u00a0\u00bbRow\u00a0\u00bb make_fullwidth=\u00a0\u00bboff\u00a0\u00bb use_custom_width=\u00a0\u00bboff\u00a0\u00bb width_unit=\u00a0\u00bbon\u00a0\u00bb use_custom_gutter=\u00a0\u00bboff\u00a0\u00bb padding_mobile=\u00a0\u00bboff\u00a0\u00bb allow_player_pause=\u00a0\u00bboff\u00a0\u00bb parallax=\u00a0\u00bboff\u00a0\u00bb parallax_method=\u00a0\u00bboff\u00a0\u00bb make_equal=\u00a0\u00bboff\u00a0\u00bb parallax_1=\u00a0\u00bboff\u00a0\u00bb parallax_method_1=\u00a0\u00bboff\u00a0\u00bb parallax_2=\u00a0\u00bboff\u00a0\u00bb parallax_method_2=\u00a0\u00bboff\u00a0\u00bb column_padding_mobile=\u00a0\u00bbon\u00a0\u00bb disabled=\u00a0\u00bboff\u00a0\u00bb disabled_on=\u00a0\u00bbon|on|\u00a0\u00bb][et_pb_column type=\u00a0\u00bb4_4&Prime;][et_pb_text admin_label=\u00a0\u00bbText\u00a0\u00bb background_layout=\u00a0\u00bblight\u00a0\u00bb text_orientation=\u00a0\u00bbleft\u00a0\u00bb use_border_color=\u00a0\u00bboff\u00a0\u00bb border_color=\u00a0\u00bb#ffffff\u00a0\u00bb border_style=\u00a0\u00bbsolid\u00a0\u00bb]<\/p>\n<h2 class=\"date\">Le 11 may 2005<\/h2>\n<p>Dans la foul\u00e9e des c\u00e9l\u00e9brations de la Semaine de l\u2019\u00e9ducation, la cr\u00e8me du personnel enseignant de l\u2019Ontario sera honor\u00e9e avec l\u2019annonce, par le R\u00e9gime d\u2019assurance des enseignantes et des enseignants de l\u2019Ontario (RAEO) et la F\u00e9d\u00e9ration des enseignantes et des enseignants de l\u2019Ontario (FEO), des r\u00e9cipiendaires des Prix d\u2019enseignement du RAEO &#8211; 2005. Quatre prix sont d\u00e9cern\u00e9s chaque ann\u00e9e \u00e0 des enseignantes et des enseignants remarquables dans les cat\u00e9gories suivantes : \u00e9cole \u00e9l\u00e9mentaire, \u00e9cole secondaire, enseignante ou enseignant francophone et enseignante ou enseignant d\u00e9butant.<\/p>\n<p><span style=\"color: #3b7995;\"><strong>Les personnes suivantes ont re\u00e7u un Prix d\u2019enseignement du RAEO :<\/strong><\/span><\/p>\n<p>[\/et_pb_text][\/et_pb_column][\/et_pb_row][et_pb_row admin_label=\u00a0\u00bbMobile Year Intro text\u00a0\u00bb make_fullwidth=\u00a0\u00bboff\u00a0\u00bb use_custom_width=\u00a0\u00bboff\u00a0\u00bb width_unit=\u00a0\u00bbon\u00a0\u00bb use_custom_gutter=\u00a0\u00bboff\u00a0\u00bb padding_mobile=\u00a0\u00bbon\u00a0\u00bb allow_player_pause=\u00a0\u00bboff\u00a0\u00bb parallax=\u00a0\u00bboff\u00a0\u00bb parallax_method=\u00a0\u00bboff\u00a0\u00bb make_equal=\u00a0\u00bboff\u00a0\u00bb parallax_1=\u00a0\u00bboff\u00a0\u00bb parallax_method_1=\u00a0\u00bboff\u00a0\u00bb column_padding_mobile=\u00a0\u00bbon\u00a0\u00bb disabled=\u00a0\u00bboff\u00a0\u00bb disabled_on=\u00a0\u00bb||on\u00a0\u00bb custom_padding=\u00a0\u00bb||0px|\u00a0\u00bb custom_padding_phone=\u00a0\u00bb30px||0px|\u00a0\u00bb custom_padding_last_edited=\u00a0\u00bbon|phone\u00a0\u00bb][et_pb_column type=\u00a0\u00bb4_4&Prime;][et_pb_text admin_label=\u00a0\u00bbMobile Year Intro Text\u00a0\u00bb background_layout=\u00a0\u00bblight\u00a0\u00bb text_orientation=\u00a0\u00bbleft\u00a0\u00bb use_border_color=\u00a0\u00bboff\u00a0\u00bb border_color=\u00a0\u00bb#ffffff\u00a0\u00bb border_style=\u00a0\u00bbsolid\u00a0\u00bb custom_padding=\u00a0\u00bb||0px|\u00a0\u00bb disabled=\u00a0\u00bboff\u00a0\u00bb disabled_on=\u00a0\u00bb||on\u00a0\u00bb]<\/p>\n<h3>2005\u00a0Personnes honor\u00e9es<\/h3>\n<p class=\"date\"><strong>Le 11 may 2005<\/strong><\/p>\n<p>Dans la foul\u00e9e des c\u00e9l\u00e9brations de la Semaine de l\u2019\u00e9ducation, la cr\u00e8me du personnel enseignant de l\u2019Ontario sera honor\u00e9e avec l\u2019annonce, par le R\u00e9gime d\u2019assurance des enseignantes et des enseignants de l\u2019Ontario (RAEO) et la F\u00e9d\u00e9ration des enseignantes et des enseignants de l\u2019Ontario (FEO), des r\u00e9cipiendaires des Prix d\u2019enseignement du RAEO &#8211; 2005. Quatre prix sont d\u00e9cern\u00e9s chaque ann\u00e9e \u00e0 des enseignantes et des enseignants remarquables dans les cat\u00e9gories suivantes : \u00e9cole \u00e9l\u00e9mentaire, \u00e9cole secondaire, enseignante ou enseignant francophone et enseignante ou enseignant d\u00e9butant.<\/p>\n<p><span style=\"color: #3b7995;\"><strong>Les personnes suivantes ont re\u00e7u un Prix d\u2019enseignement du RAEO :<\/strong><\/span><\/p>\n<p style=\"font-size: 17px;\">\n<p>[\/et_pb_text][\/et_pb_column][\/et_pb_row][\/et_pb_section][et_pb_section admin_label=\u00a0\u00bbSection\u00a0\u00bb fullwidth=\u00a0\u00bboff\u00a0\u00bb specialty=\u00a0\u00bboff\u00a0\u00bb transparent_background=\u00a0\u00bboff\u00a0\u00bb background_color=\u00a0\u00bbrgba(187,152,107,0.1)\u00a0\u00bb allow_player_pause=\u00a0\u00bboff\u00a0\u00bb inner_shadow=\u00a0\u00bboff\u00a0\u00bb parallax=\u00a0\u00bboff\u00a0\u00bb parallax_method=\u00a0\u00bboff\u00a0\u00bb padding_mobile=\u00a0\u00bbon\u00a0\u00bb make_fullwidth=\u00a0\u00bboff\u00a0\u00bb use_custom_width=\u00a0\u00bboff\u00a0\u00bb width_unit=\u00a0\u00bbon\u00a0\u00bb make_equal=\u00a0\u00bboff\u00a0\u00bb use_custom_gutter=\u00a0\u00bboff\u00a0\u00bb module_id=\u00a0\u00bbw1&Prime; custom_padding_phone=\u00a0\u00bb0px||30px|\u00a0\u00bb custom_padding_last_edited=\u00a0\u00bbon|desktop\u00a0\u00bb][et_pb_row admin_label=\u00a0\u00bbRow\u00a0\u00bb make_fullwidth=\u00a0\u00bboff\u00a0\u00bb use_custom_width=\u00a0\u00bboff\u00a0\u00bb width_unit=\u00a0\u00bbon\u00a0\u00bb use_custom_gutter=\u00a0\u00bboff\u00a0\u00bb custom_padding=\u00a0\u00bb||30px|\u00a0\u00bb padding_mobile=\u00a0\u00bbon\u00a0\u00bb allow_player_pause=\u00a0\u00bboff\u00a0\u00bb parallax=\u00a0\u00bboff\u00a0\u00bb parallax_method=\u00a0\u00bboff\u00a0\u00bb make_equal=\u00a0\u00bboff\u00a0\u00bb parallax_1=\u00a0\u00bboff\u00a0\u00bb parallax_method_1=\u00a0\u00bboff\u00a0\u00bb column_padding_mobile=\u00a0\u00bbon\u00a0\u00bb custom_padding_phone=\u00a0\u00bb||0px|\u00a0\u00bb custom_padding_last_edited=\u00a0\u00bbon|desktop\u00a0\u00bb][et_pb_column type=\u00a0\u00bb4_4&Prime;][et_pb_text admin_label=\u00a0\u00bbBeginning Teacher Name\u00a0\u00bb background_layout=\u00a0\u00bblight\u00a0\u00bb text_orientation=\u00a0\u00bbleft\u00a0\u00bb use_border_color=\u00a0\u00bboff\u00a0\u00bb border_color=\u00a0\u00bb#ffffff\u00a0\u00bb border_style=\u00a0\u00bbsolid\u00a0\u00bb]<\/p>\n<p><em>Enseignante d\u00e9butante<\/em><\/p>\n<h2><strong>Kimberley Snider<\/strong><\/h2>\n<p>Rosedale Heights School of the Arts, Toronto<\/p>\n<p style=\"font-size: 17px;\">[\/et_pb_text][et_pb_video admin_label=\u00a0\u00bbBeginning Teacher Video\u00a0\u00bb play_icon_color=\u00a0\u00bb#bb986b\u00a0\u00bb src=\u00a0\u00bbhttps:\/\/youtu.be\/CZ11p0GLY3U?list=PLUtnwjexppUZ41eyRFkIonF3hBRbtvVh1&Prime;] [\/et_pb_video][et_pb_text admin_label=\u00a0\u00bbBeginning Teacher Text\u00a0\u00bb background_layout=\u00a0\u00bblight\u00a0\u00bb text_orientation=\u00a0\u00bbleft\u00a0\u00bb use_border_color=\u00a0\u00bboff\u00a0\u00bb border_color=\u00a0\u00bb#ffffff\u00a0\u00bb border_style=\u00a0\u00bbsolid\u00a0\u00bb]<\/p>\n<p>Kim Snider a commenc\u00e9 \u00e0 enseigner il y a quatre ans et sa carri\u00e8re est d\u00e9j\u00e0 bien lanc\u00e9e. Enseignante en anglais et en art dramatique, Kim est membre du personnel enseignant de l\u2019\u00e9cole Rosedale Heights School of the Arts et membre du conseil scolaire du district de Toronto.<\/p>\n<p>Bien que sa carri\u00e8re soit encore tr\u00e8s jeune, Kim est d\u00e9j\u00e0 chef p\u00e9dagogique de son tr\u00e8s important d\u00e9partement des sciences humaines. Son directeur d\u2019\u00e9cole affirme que le leadership lui est aussi naturel que ses comp\u00e9tences en enseignement.<\/p>\n<p>Le leadership naturel de Kim se refl\u00e8te dans le fait que ses coll\u00e8gues l\u2019ont accept\u00e9e et appuy\u00e9e aussi t\u00f4t dans sa carri\u00e8re en enseignement. En fait, l\u2019un de ses coll\u00e8gues dit d\u2019elle qu\u2019elle est n\u00e9e pour enseigner.<\/p>\n<p>Kim pr\u00e9sente Maya Angelou dans un de ses cours. L\u2019un de ses \u00e9l\u00e8ves a eu l\u2019inspiration de la comparer \u00e0 la Femme Ph\u00e9nom\u00e9nale, comme se d\u00e9signait elle-m\u00eame Maya Angelou. Le fait que des adolescentes et des adolescents consid\u00e8rent leur enseignante selon une telle perspective illustre \u00e0 quel point Kim Snider est une enseignante et un mod\u00e8le de r\u00f4le efficaces pour ses \u00e9l\u00e8ves.<\/p>\n<p style=\"font-size: 17px;\">[\/et_pb_text][\/et_pb_column][\/et_pb_row][\/et_pb_section][et_pb_section admin_label=\u00a0\u00bbSection\u00a0\u00bb fullwidth=\u00a0\u00bboff\u00a0\u00bb specialty=\u00a0\u00bboff\u00a0\u00bb transparent_background=\u00a0\u00bboff\u00a0\u00bb background_color=\u00a0\u00bb#ffffff\u00a0\u00bb allow_player_pause=\u00a0\u00bboff\u00a0\u00bb inner_shadow=\u00a0\u00bboff\u00a0\u00bb parallax=\u00a0\u00bboff\u00a0\u00bb parallax_method=\u00a0\u00bboff\u00a0\u00bb padding_mobile=\u00a0\u00bbon\u00a0\u00bb make_fullwidth=\u00a0\u00bboff\u00a0\u00bb use_custom_width=\u00a0\u00bboff\u00a0\u00bb width_unit=\u00a0\u00bbon\u00a0\u00bb make_equal=\u00a0\u00bboff\u00a0\u00bb use_custom_gutter=\u00a0\u00bboff\u00a0\u00bb module_id=\u00a0\u00bbw2&Prime; custom_padding_last_edited=\u00a0\u00bbon|desktop\u00a0\u00bb custom_padding_phone=\u00a0\u00bb0px||30px|\u00a0\u00bb][et_pb_row admin_label=\u00a0\u00bbRow\u00a0\u00bb make_fullwidth=\u00a0\u00bboff\u00a0\u00bb use_custom_width=\u00a0\u00bboff\u00a0\u00bb width_unit=\u00a0\u00bbon\u00a0\u00bb use_custom_gutter=\u00a0\u00bboff\u00a0\u00bb custom_padding=\u00a0\u00bb||30px|\u00a0\u00bb padding_mobile=\u00a0\u00bbon\u00a0\u00bb allow_player_pause=\u00a0\u00bboff\u00a0\u00bb parallax=\u00a0\u00bboff\u00a0\u00bb parallax_method=\u00a0\u00bboff\u00a0\u00bb make_equal=\u00a0\u00bboff\u00a0\u00bb parallax_1=\u00a0\u00bboff\u00a0\u00bb parallax_method_1=\u00a0\u00bboff\u00a0\u00bb column_padding_mobile=\u00a0\u00bbon\u00a0\u00bb custom_padding_phone=\u00a0\u00bb||0px|\u00a0\u00bb custom_padding_last_edited=\u00a0\u00bbon|desktop\u00a0\u00bb][et_pb_column type=\u00a0\u00bb4_4&Prime;][et_pb_text admin_label=\u00a0\u00bbElementary Teacher Name\u00a0\u00bb background_layout=\u00a0\u00bblight\u00a0\u00bb text_orientation=\u00a0\u00bbleft\u00a0\u00bb use_border_color=\u00a0\u00bboff\u00a0\u00bb border_color=\u00a0\u00bb#ffffff\u00a0\u00bb border_style=\u00a0\u00bbsolid\u00a0\u00bb]<\/p>\n<p><em>Enseignante \u00e0 l&rsquo;\u00e9l\u00e9mentaire<\/em><\/p>\n<h2><strong>Sandra Murray<\/strong><\/h2>\n<p>Tecumseh Public School, Chatham<\/p>\n<p style=\"font-size: 17px;\">[\/et_pb_text][et_pb_video admin_label=\u00a0\u00bbElementary Teacher Video\u00a0\u00bb play_icon_color=\u00a0\u00bb#bb986b\u00a0\u00bb src=\u00a0\u00bbhttps:\/\/youtu.be\/BkWG69nlDmE?list=PLUtnwjexppUZ41eyRFkIonF3hBRbtvVh1&Prime;] [\/et_pb_video][et_pb_text admin_label=\u00a0\u00bbElementary Teacher Text\u00a0\u00bb background_layout=\u00a0\u00bblight\u00a0\u00bb text_orientation=\u00a0\u00bbleft\u00a0\u00bb use_border_color=\u00a0\u00bboff\u00a0\u00bb border_color=\u00a0\u00bb#ffffff\u00a0\u00bb border_style=\u00a0\u00bbsolid\u00a0\u00bb]<\/p>\n<p>Sandra Murray enseigne les math\u00e9matiques aux \u00e9l\u00e8ves de 7 e et de 8 e ann\u00e9e \u00e0 l\u2019\u00e9cole publique Tecumseh, \u00e0 Chatham.<\/p>\n<p>La personne qui a propos\u00e9 sa candidature pour les Prix d\u2019enseignement du RAEO affirme que c\u2019est une enseignante qui propose des d\u00e9fis \u00e0 ses \u00e9l\u00e8ves, \u00e0 ses coll\u00e8gues et au milieu scolaire, les inspire, les soutient et s\u2019en pr\u00e9occupe.<\/p>\n<p>Nombre de ses coll\u00e8gues ont \u00e9galement envoy\u00e9 une lettre d\u2019appui, et leurs commentaires font \u00e9tat des m\u00eames qualit\u00e9s \u00e9clatantes de cette enseignante \u00e0 l\u2019\u00e9l\u00e9mentaire.<\/p>\n<p>Nous avons aussi re\u00e7u des t\u00e9moignages de parents dont la vie a \u00e9t\u00e9 touch\u00e9e par Sandy Murray. Ils soulignent particuli\u00e8rement sa capacit\u00e9 de proposer des d\u00e9fis \u00e0 ses \u00e9l\u00e8ves et de les encourager \u00e0 faire de leur mieux. Un parent nous a dit que Sandy Murray \u00e9tait l\u2019enseignante la plus brillante, la plus rayonnante et celle qui m\u00e9ritait le plus un prix de reconnaissance sp\u00e9cial.<\/p>\n<p>Nous avons \u00e9galement re\u00e7u des t\u00e9moignages des responsables du conseil scolaire et du directeur de Sandy Murray, mais \u00e9galement d\u2019anciennes et d\u2019anciens \u00e9l\u00e8ves et d\u2019\u00e9l\u00e8ves actuelles et actuels.<\/p>\n<p>\u00ab Cette enseignante porte une flamme que je n\u2019ai vue chez aucune autre enseignante ou aucun autre enseignant, et cette flamme, c\u2019est la joie d\u2019enseigner. \u00bb<\/p>\n<p>\u00ab J\u2019ai h\u00e2te de la revoir chaque jour. Nous avons beaucoup de plaisir ensemble et, bien s\u00fbr, j\u2019ai beaucoup appris d\u2019elle de bien des fa\u00e7ons. \u00bb<\/p>\n<p>\u00ab Mme Murray est une enseignante exceptionnelle, un mentor formidable, un merveilleux mod\u00e8le de r\u00f4le, et elle est toujours engag\u00e9e d\u2019une fa\u00e7on ou d\u2019une autre \u00e0 Tecumseh. \u00bb<\/p>\n<p>\u00ab Je suis triste pour les \u00e9l\u00e8ves qui ne pourront avoir Mme Murray comme enseignante l\u2019ann\u00e9e prochaine, parce qu\u2019elle prend sa retraite. \u00bb<\/p>\n<p style=\"font-size: 17px;\">[\/et_pb_text][\/et_pb_column][\/et_pb_row][\/et_pb_section][et_pb_section admin_label=\u00a0\u00bbSection\u00a0\u00bb fullwidth=\u00a0\u00bboff\u00a0\u00bb specialty=\u00a0\u00bboff\u00a0\u00bb transparent_background=\u00a0\u00bboff\u00a0\u00bb background_color=\u00a0\u00bbrgba(187,152,107,0.1)\u00a0\u00bb allow_player_pause=\u00a0\u00bboff\u00a0\u00bb inner_shadow=\u00a0\u00bboff\u00a0\u00bb parallax=\u00a0\u00bboff\u00a0\u00bb parallax_method=\u00a0\u00bboff\u00a0\u00bb custom_padding=\u00a0\u00bb|0px||0px\u00a0\u00bb padding_mobile=\u00a0\u00bbon\u00a0\u00bb make_fullwidth=\u00a0\u00bboff\u00a0\u00bb use_custom_width=\u00a0\u00bboff\u00a0\u00bb width_unit=\u00a0\u00bbon\u00a0\u00bb make_equal=\u00a0\u00bboff\u00a0\u00bb use_custom_gutter=\u00a0\u00bboff\u00a0\u00bb module_id=\u00a0\u00bbw3&Prime; custom_padding_last_edited=\u00a0\u00bbon|desktop\u00a0\u00bb custom_padding_phone=\u00a0\u00bb0px|0px|0px|0px\u00a0\u00bb][et_pb_row admin_label=\u00a0\u00bbRow\u00a0\u00bb][et_pb_column type=\u00a0\u00bb4_4&Prime;][et_pb_text admin_label=\u00a0\u00bbSecondary Teacher Name\u00a0\u00bb background_layout=\u00a0\u00bblight\u00a0\u00bb text_orientation=\u00a0\u00bbleft\u00a0\u00bb use_border_color=\u00a0\u00bboff\u00a0\u00bb border_color=\u00a0\u00bb#ffffff\u00a0\u00bb border_style=\u00a0\u00bbsolid\u00a0\u00bb]<\/p>\n<p><em>Enseignante au secondaire<\/em><\/p>\n<h2><strong>Brent Robillard<\/strong><\/h2>\n<p>Thousand Islands Secondary School, Brockville<\/p>\n<p style=\"font-size: 17px;\">[\/et_pb_text][et_pb_video admin_label=\u00a0\u00bbSecondary Teacher Video\u00a0\u00bb play_icon_color=\u00a0\u00bb#bb986b\u00a0\u00bb src=\u00a0\u00bbhttps:\/\/youtu.be\/0vc3VL67OOg?list=PLUtnwjexppUZ41eyRFkIonF3hBRbtvVh1&Prime;] [\/et_pb_video][et_pb_text admin_label=\u00a0\u00bbSecondary Teacher Text\u00a0\u00bb background_layout=\u00a0\u00bblight\u00a0\u00bb text_orientation=\u00a0\u00bbleft\u00a0\u00bb use_border_color=\u00a0\u00bboff\u00a0\u00bb border_color=\u00a0\u00bb#ffffff\u00a0\u00bb border_style=\u00a0\u00bbsolid\u00a0\u00bb]<\/p>\n<p>Brent Robillard enseigne l\u2019anglais et l\u2019histoire \u00e0 l\u2019\u00e9cole secondaire Thousand Islands, \u00e0 Brockville.<\/p>\n<p>Brent Robillard est un \u00e9ducateur qui enseigne par l\u2019exemple. Dans son cours d\u2019\u00e9criture, il \u00e9crit en m\u00eame temps que ses \u00e9l\u00e8ves. Et ses \u00e9l\u00e8ves \u00e9crivent beaucoup : son cours comporte la r\u00e9daction d\u2019un roman de 30 000 mots pr\u00eat \u00e0 envoyer aux maisons d\u2019\u00e9dition \u00e0 la fin du cours. Les \u0153uvres de cinq de ses \u00e9l\u00e8ves ont \u00e9t\u00e9 publi\u00e9es.<\/p>\n<p>Enseignant depuis 1997, Brent est \u00e9galement \u00e9crivain et po\u00e8te, et son premier roman, Leaving Wyoming, a \u00e9t\u00e9 publi\u00e9 l\u2019automne dernier. Son exp\u00e9rience concr\u00e8te du monde de l\u2019\u00e9dition offre des possibilit\u00e9s suppl\u00e9mentaires \u00e0 ses \u00e9l\u00e8ves.<\/p>\n<p>Brent est un enseignant polyvalent qui participe \u00e0 des activit\u00e9s parascolaires allant de programmes d\u2019\u00e9change \u00e0 la direction de productions th\u00e9\u00e2trales. Il est \u00e9galement actif au sein de sa f\u00e9d\u00e9ration et de sa communaut\u00e9.<\/p>\n<p style=\"font-size: 17px;\">[\/et_pb_text][\/et_pb_column][\/et_pb_row][\/et_pb_section][et_pb_section admin_label=\u00a0\u00bbSection\u00a0\u00bb global_module=\u00a0\u00bb1866&Prime; fullwidth=\u00a0\u00bboff\u00a0\u00bb specialty=\u00a0\u00bboff\u00a0\u00bb transparent_background=\u00a0\u00bboff\u00a0\u00bb background_color=\u00a0\u00bb#ffffff\u00a0\u00bb allow_player_pause=\u00a0\u00bboff\u00a0\u00bb inner_shadow=\u00a0\u00bboff\u00a0\u00bb parallax=\u00a0\u00bboff\u00a0\u00bb parallax_method=\u00a0\u00bboff\u00a0\u00bb custom_padding=\u00a0\u00bb||0px|\u00a0\u00bb padding_mobile=\u00a0\u00bbon\u00a0\u00bb make_fullwidth=\u00a0\u00bboff\u00a0\u00bb use_custom_width=\u00a0\u00bboff\u00a0\u00bb width_unit=\u00a0\u00bbon\u00a0\u00bb make_equal=\u00a0\u00bboff\u00a0\u00bb use_custom_gutter=\u00a0\u00bboff\u00a0\u00bb custom_padding_last_edited=\u00a0\u00bbon|desktop\u00a0\u00bb disabled=\u00a0\u00bboff\u00a0\u00bb disabled_on=\u00a0\u00bbon|off|off\u00a0\u00bb][et_pb_row global_parent=\u00a0\u00bb1866&Prime; admin_label=\u00a0\u00bbRow\u00a0\u00bb make_fullwidth=\u00a0\u00bboff\u00a0\u00bb use_custom_width=\u00a0\u00bboff\u00a0\u00bb width_unit=\u00a0\u00bbon\u00a0\u00bb use_custom_gutter=\u00a0\u00bbon\u00a0\u00bb gutter_width=\u00a0\u00bb0&Prime; padding_mobile=\u00a0\u00bboff\u00a0\u00bb allow_player_pause=\u00a0\u00bboff\u00a0\u00bb parallax=\u00a0\u00bboff\u00a0\u00bb parallax_method=\u00a0\u00bboff\u00a0\u00bb make_equal=\u00a0\u00bboff\u00a0\u00bb parallax_1=\u00a0\u00bboff\u00a0\u00bb parallax_method_1=\u00a0\u00bboff\u00a0\u00bb column_padding_mobile=\u00a0\u00bbon\u00a0\u00bb parallax_2=\u00a0\u00bboff\u00a0\u00bb parallax_method_2=\u00a0\u00bboff\u00a0\u00bb][et_pb_column type=\u00a0\u00bb1_2&Prime;][et_pb_image global_parent=\u00a0\u00bb1866&Prime; admin_label=\u00a0\u00bbImage\u00a0\u00bb src=\u00a0\u00bbhttp:\/\/teachingawards.ca\/wp-content\/uploads\/2016\/09\/OTIP-Logo-FR-100.jpg\u00a0\u00bb show_in_lightbox=\u00a0\u00bboff\u00a0\u00bb url_new_window=\u00a0\u00bboff\u00a0\u00bb use_overlay=\u00a0\u00bboff\u00a0\u00bb animation=\u00a0\u00bboff\u00a0\u00bb sticky=\u00a0\u00bboff\u00a0\u00bb align=\u00a0\u00bbleft\u00a0\u00bb force_fullwidth=\u00a0\u00bboff\u00a0\u00bb always_center_on_mobile=\u00a0\u00bboff\u00a0\u00bb use_border_color=\u00a0\u00bboff\u00a0\u00bb border_color=\u00a0\u00bb#ffffff\u00a0\u00bb border_style=\u00a0\u00bbsolid\u00a0\u00bb custom_css_main_element=\u00a0\u00bbvertical-align: bottom\u00a0\u00bb] [\/et_pb_image][\/et_pb_column][et_pb_column type=\u00a0\u00bb1_2&Prime;][et_pb_text global_parent=\u00a0\u00bb1866&Prime; admin_label=\u00a0\u00bbText\u00a0\u00bb background_layout=\u00a0\u00bblight\u00a0\u00bb text_orientation=\u00a0\u00bbright\u00a0\u00bb use_border_color=\u00a0\u00bboff\u00a0\u00bb border_color=\u00a0\u00bb#ffffff\u00a0\u00bb border_style=\u00a0\u00bbsolid\u00a0\u00bb custom_margin=\u00a0\u00bb80px|||\u00a0\u00bb]<\/p>\n<p style=\"text-align: right; font-size: 14px;\">\u00a92017 TeachingAwards.ca<\/p>\n<p style=\"font-size: 17px;\">[\/et_pb_text][\/et_pb_column][\/et_pb_row][\/et_pb_section]<\/p>\n","protected":false},"excerpt":{"rendered":"<p>Le 11 may 2005 Dans la foul\u00e9e des c\u00e9l\u00e9brations de la Semaine de l\u2019\u00e9ducation, la cr\u00e8me du personnel enseignant de l\u2019Ontario sera honor\u00e9e avec l\u2019annonce, par le R\u00e9gime d\u2019assurance des enseignantes et des enseignants de l\u2019Ontario (RAEO) et la F\u00e9d\u00e9ration des enseignantes et des enseignants de l\u2019Ontario (FEO), des r\u00e9cipiendaires des Prix d\u2019enseignement du RAEO [&hellip;]<\/p>\n","protected":false},"author":2,"featured_media":0,"parent":0,"menu_order":0,"comment_status":"closed","ping_status":"closed","template":"","meta":{"_et_pb_use_builder":"on","_et_pb_old_content":"","_et_gb_content_width":"","footnotes":""},"_links":{"self":[{"href":"https:\/\/teachingawards.ca\/fr\/wp-json\/wp\/v2\/pages\/1629"}],"collection":[{"href":"https:\/\/teachingawards.ca\/fr\/wp-json\/wp\/v2\/pages"}],"about":[{"href":"https:\/\/teachingawards.ca\/fr\/wp-json\/wp\/v2\/types\/page"}],"author":[{"embeddable":true,"href":"https:\/\/teachingawards.ca\/fr\/wp-json\/wp\/v2\/users\/2"}],"replies":[{"embeddable":true,"href":"https:\/\/teachingawards.ca\/fr\/wp-json\/wp\/v2\/comments?post=1629"}],"version-history":[{"count":15,"href":"https:\/\/teachingawards.ca\/fr\/wp-json\/wp\/v2\/pages\/1629\/revisions"}],"predecessor-version":[{"id":2274,"href":"https:\/\/teachingawards.ca\/fr\/wp-json\/wp\/v2\/pages\/1629\/revisions\/2274"}],"wp:attachment":[{"href":"https:\/\/teachingawards.ca\/fr\/wp-json\/wp\/v2\/media?parent=1629"}],"curies":[{"name":"wp","href":"https:\/\/api.w.org\/{rel}","templated":true}]}}